{"id":964,"date":"2014-10-28T12:57:39","date_gmt":"2014-10-28T11:57:39","guid":{"rendered":"http:\/\/www.duft-gsp\u00fcr.at\/wsvk_wp\/?page_id=964"},"modified":"2018-05-03T16:45:36","modified_gmt":"2018-05-03T14:45:36","slug":"jobkarriere","status":"publish","type":"page","link":"http:\/\/www.duft-gsp\u00fcr.at\/wsvk_wp\/?page_id=964","title":{"rendered":"JOB\/Karriere"},"content":{"rendered":"<p>&nbsp;<\/p>\n<p><strong><span style=\"color: #3366ff;\">feeling<\/span><\/strong><br \/>\nAls feeling-Beraterin bist du schon von Natur aus von naturreinen D\u00fcften begeistert. Eine Ausbildung ist nicht Voraussetzung, aber definitiv nicht von Nachteil \ud83d\ude09 &#8211; feeling bietet eine gro\u00dfe Anzahl an Seminarm\u00f6glichkeiten &#8211; hier kannst du dich also gro\u00dfartig aus- und weiterbilden! Einf\u00fchrungsseminare und Produktschulungen sorgen daf\u00fcr, dass du mit einem soliden Basiswissen starten kannst :-).<\/p>\n<p>Im direkten Kontakt mit den Kunden (z.B. in Form von Aromarunden, Vortr\u00e4gen) pr\u00e4sentierst du die Produkte von feeling und betreust deine Kunden.<br \/>\nDie Firma feeling und ich stehen Dir mit unserem Fachwissen gerne zur Seite!<\/p>\n<p>&nbsp;<\/p>\n<p style=\"text-align: center;\"><strong><span style=\"color: #ff6600;\">\u00a0Ist deine Neugierde geweckt? Dann melde dich bei mir :-)!\u00a0<\/span><\/strong><\/p>\n","protected":false},"excerpt":{"rendered":"<p>&nbsp; feeling Als feeling-Beraterin bist du schon von Natur aus von naturreinen D\u00fcften begeistert. Eine Ausbildung ist nicht Voraussetzung, aber definitiv nicht von Nachteil \ud83d\ude09 &#8211; feeling bietet eine gro\u00dfe Anzahl an Seminarm\u00f6glichkeiten &#8211; hier kannst du dich also gro\u00dfartig &hellip; <a href=\"http:\/\/www.duft-gsp\u00fcr.at\/wsvk_wp\/?page_id=964\">Weiterlesen <span class=\"meta-nav\">&rarr;<\/span><\/a><\/p>\n","protected":false},"author":1,"featured_media":0,"parent":0,"menu_order":0,"comment_status":"open","ping_status":"open","template":"","meta":[],"_links":{"self":[{"href":"http:\/\/www.duft-gsp\u00fcr.at\/wsvk_wp\/index.php?rest_route=\/wp\/v2\/pages\/964"}],"collection":[{"href":"http:\/\/www.duft-gsp\u00fcr.at\/wsvk_wp\/index.php?rest_route=\/wp\/v2\/pages"}],"about":[{"href":"http:\/\/www.duft-gsp\u00fcr.at\/wsvk_wp\/index.php?rest_route=\/wp\/v2\/types\/page"}],"author":[{"embeddable":true,"href":"http:\/\/www.duft-gsp\u00fcr.at\/wsvk_wp\/index.php?rest_route=\/wp\/v2\/users\/1"}],"replies":[{"embeddable":true,"href":"http:\/\/www.duft-gsp\u00fcr.at\/wsvk_wp\/index.php?rest_route=%2Fwp%2Fv2%2Fcomments&post=964"}],"version-history":[{"count":4,"href":"http:\/\/www.duft-gsp\u00fcr.at\/wsvk_wp\/index.php?rest_route=\/wp\/v2\/pages\/964\/revisions"}],"predecessor-version":[{"id":1072,"href":"http:\/\/www.duft-gsp\u00fcr.at\/wsvk_wp\/index.php?rest_route=\/wp\/v2\/pages\/964\/revisions\/1072"}],"wp:attachment":[{"href":"http:\/\/www.duft-gsp\u00fcr.at\/wsvk_wp\/index.php?rest_route=%2Fwp%2Fv2%2Fmedia&parent=964"}],"curies":[{"name":"wp","href":"https:\/\/api.w.org\/{rel}","templated":true}]}}