{"id":619,"date":"2013-04-03T12:36:47","date_gmt":"2013-04-03T10:36:47","guid":{"rendered":"http:\/\/www.duft-gsp\u00fcr.at\/wsvk_wp\/?page_id=619"},"modified":"2024-05-03T13:10:04","modified_gmt":"2024-05-03T11:10:04","slug":"seiten-die-ich-gerne-empfehle","status":"publish","type":"page","link":"http:\/\/www.duft-gsp\u00fcr.at\/wsvk_wp\/?page_id=619","title":{"rendered":"Seiten, die ich gerne empfehle&#8230;"},"content":{"rendered":"<p><a href=\"http:\/\/www.aromainfo.at\">www.aromainfo.at &#8211; Graz<\/a><br \/>\nIngrid Karner<br \/>\nAusbildungsst\u00e4tte f\u00fcr Dipl. Aromapraktiker und Kr\u00e4uterpraktiker<\/p>\n<p><a title=\"VAGA-Vereinigung f\u00fcr Aromapflege und gewerbliche Aromapraktiker\" href=\"http:\/\/www.aromapraktiker.eu\">www.aromapraktiker.eu<\/a><br \/>\nVAGA &#8211; Vereinigung f\u00fcr Aromapflege und gewerbliche AromapraktikerInnen<br \/>\nBerufsvereinigung zur St\u00e4rkung des Berufsbildes des gewerblichen Aromapraktikers und zur Qualit\u00e4tssicherung<\/p>\n<p><a href=\"http:\/\/www.aromapraxis.de\">www.aromapraxis.de<\/a><br \/>\nEliane Zimmermann<br \/>\nIhr Blog ist ein Quell an Informationen und Austauschm\u00f6glichkeit sowohl f\u00fcr Aroma-&#8222;Laien&#8220; als auch fortgeschrittene, gewerblich t\u00e4tige Aromapraktiker<\/p>\n<p><a href=\"http:\/\/www.garten-dlapka.at\">www.garten-dlapka.at<\/a><br \/>\nBaumschule &amp; G\u00e4rtnerei Dlapka &#8211; Fels\/Wagram<br \/>\nPflanzen, Kr\u00e4uter, B\u00e4ume, Gartengestaltung, kompetente Beratung<\/p>\n<p><a href=\"http:\/\/www.ayurveda-akademie.org\/home\">http:\/\/www.ayurveda-akademie.org\/home<\/a><br \/>\nEurop\u00e4ische Akademie f\u00fcr Ayurveda, D-Birstein<\/p>\n","protected":false},"excerpt":{"rendered":"<p>www.aromainfo.at &#8211; Graz Ingrid Karner Ausbildungsst\u00e4tte f\u00fcr Dipl. Aromapraktiker und Kr\u00e4uterpraktiker www.aromapraktiker.eu VAGA &#8211; Vereinigung f\u00fcr Aromapflege und gewerbliche AromapraktikerInnen Berufsvereinigung zur St\u00e4rkung des Berufsbildes des gewerblichen Aromapraktikers und zur Qualit\u00e4tssicherung www.aromapraxis.de Eliane Zimmermann Ihr Blog ist ein Quell an &hellip; <a href=\"http:\/\/www.duft-gsp\u00fcr.at\/wsvk_wp\/?page_id=619\">Weiterlesen <span class=\"meta-nav\">&rarr;<\/span><\/a><\/p>\n","protected":false},"author":1,"featured_media":0,"parent":0,"menu_order":0,"comment_status":"open","ping_status":"open","template":"","meta":[],"_links":{"self":[{"href":"http:\/\/www.duft-gsp\u00fcr.at\/wsvk_wp\/index.php?rest_route=\/wp\/v2\/pages\/619"}],"collection":[{"href":"http:\/\/www.duft-gsp\u00fcr.at\/wsvk_wp\/index.php?rest_route=\/wp\/v2\/pages"}],"about":[{"href":"http:\/\/www.duft-gsp\u00fcr.at\/wsvk_wp\/index.php?rest_route=\/wp\/v2\/types\/page"}],"author":[{"embeddable":true,"href":"http:\/\/www.duft-gsp\u00fcr.at\/wsvk_wp\/index.php?rest_route=\/wp\/v2\/users\/1"}],"replies":[{"embeddable":true,"href":"http:\/\/www.duft-gsp\u00fcr.at\/wsvk_wp\/index.php?rest_route=%2Fwp%2Fv2%2Fcomments&post=619"}],"version-history":[{"count":12,"href":"http:\/\/www.duft-gsp\u00fcr.at\/wsvk_wp\/index.php?rest_route=\/wp\/v2\/pages\/619\/revisions"}],"predecessor-version":[{"id":1475,"href":"http:\/\/www.duft-gsp\u00fcr.at\/wsvk_wp\/index.php?rest_route=\/wp\/v2\/pages\/619\/revisions\/1475"}],"wp:attachment":[{"href":"http:\/\/www.duft-gsp\u00fcr.at\/wsvk_wp\/index.php?rest_route=%2Fwp%2Fv2%2Fmedia&parent=619"}],"curies":[{"name":"wp","href":"https:\/\/api.w.org\/{rel}","templated":true}]}}