{"id":285,"date":"2012-05-15T10:57:01","date_gmt":"2012-05-15T08:57:01","guid":{"rendered":"http:\/\/www.duft-gsp\u00fcr.at\/wsvk_wp\/?page_id=285"},"modified":"2018-12-24T08:52:13","modified_gmt":"2018-12-24T07:52:13","slug":"fotos","status":"publish","type":"page","link":"http:\/\/www.duft-gsp\u00fcr.at\/wsvk_wp\/?page_id=285","title":{"rendered":"Bilder"},"content":{"rendered":"<p style=\"text-align: center;\">\n<p style=\"text-align: center;\">\n<p style=\"text-align: center;\"><span style=\"text-decoration: underline;\"><span style=\"color: #993366; text-decoration: underline;\"><strong>Kreative Duftwerkstatt<\/strong><\/span><\/span><br \/>\n<span style=\"text-decoration: underline;\"><span style=\"color: #993366; text-decoration: underline;\"><strong>Baumschule Dlapka &#8211; 3. &amp; 4. Mai 2014<\/strong><\/span><\/span><\/p>\n<p style=\"text-align: center;\"><a href=\"http:\/\/www.duft-gsp\u00fcr.at\/wsvk_wp\/wp-content\/uploads\/2012\/05\/2014-05-03-13.42.24-verkleinert.jpg\"><img loading=\"lazy\" class=\"size-medium wp-image-822 aligncenter\" title=\"2014-05-03 13.42.24 verkleinert\" src=\"http:\/\/www.duft-gsp\u00fcr.at\/wsvk_wp\/wp-content\/uploads\/2012\/05\/2014-05-03-13.42.24-verkleinert-225x300.jpg\" alt=\"\" width=\"225\" height=\"300\" srcset=\"http:\/\/www.duft-gsp\u00fcr.at\/wsvk_wp\/wp-content\/uploads\/2012\/05\/2014-05-03-13.42.24-verkleinert-225x300.jpg 225w, http:\/\/www.duft-gsp\u00fcr.at\/wsvk_wp\/wp-content\/uploads\/2012\/05\/2014-05-03-13.42.24-verkleinert.jpg 368w\" sizes=\"(max-width: 225px) 100vw, 225px\" \/><\/a><\/p>\n<p style=\"text-align: center;\"><a href=\"http:\/\/www.duft-gsp\u00fcr.at\/wsvk_wp\/wp-content\/uploads\/2012\/05\/2014-05-03-10.57.01-verkleinert.jpg\"><img loading=\"lazy\" class=\"aligncenter size-medium wp-image-823\" title=\"2014-05-03 10.57.01 verkleinert\" src=\"http:\/\/www.duft-gsp\u00fcr.at\/wsvk_wp\/wp-content\/uploads\/2012\/05\/2014-05-03-10.57.01-verkleinert-300x225.jpg\" alt=\"\" width=\"300\" height=\"225\" srcset=\"http:\/\/www.duft-gsp\u00fcr.at\/wsvk_wp\/wp-content\/uploads\/2012\/05\/2014-05-03-10.57.01-verkleinert-300x225.jpg 300w, http:\/\/www.duft-gsp\u00fcr.at\/wsvk_wp\/wp-content\/uploads\/2012\/05\/2014-05-03-10.57.01-verkleinert-399x300.jpg 399w, http:\/\/www.duft-gsp\u00fcr.at\/wsvk_wp\/wp-content\/uploads\/2012\/05\/2014-05-03-10.57.01-verkleinert.jpg 490w\" sizes=\"(max-width: 300px) 100vw, 300px\" \/><\/a><a href=\"http:\/\/www.duft-gsp\u00fcr.at\/wsvk_wp\/wp-content\/uploads\/2012\/05\/2014-05-03-10.57.06-verkleinert.jpg\"><img loading=\"lazy\" class=\"aligncenter size-medium wp-image-824\" title=\"2014-05-03 10.57.06 verkleinert\" src=\"http:\/\/www.duft-gsp\u00fcr.at\/wsvk_wp\/wp-content\/uploads\/2012\/05\/2014-05-03-10.57.06-verkleinert-300x225.jpg\" alt=\"\" width=\"300\" height=\"225\" srcset=\"http:\/\/www.duft-gsp\u00fcr.at\/wsvk_wp\/wp-content\/uploads\/2012\/05\/2014-05-03-10.57.06-verkleinert-300x225.jpg 300w, http:\/\/www.duft-gsp\u00fcr.at\/wsvk_wp\/wp-content\/uploads\/2012\/05\/2014-05-03-10.57.06-verkleinert-399x300.jpg 399w, http:\/\/www.duft-gsp\u00fcr.at\/wsvk_wp\/wp-content\/uploads\/2012\/05\/2014-05-03-10.57.06-verkleinert.jpg 490w\" sizes=\"(max-width: 300px) 100vw, 300px\" \/><\/a><\/p>\n<p style=\"text-align: center;\">&#8212;&#8212;&#8212;&#8212;&#8212;&#8212;&#8212;&#8212;&#8212;&#8212;&#8212;&#8212;&#8212;&#8212;&#8212;&#8212;&#8212;&#8212;&#8212;&#8212;&#8212;&#8212;&#8212;&#8212;&#8212;&#8212;&#8212;&#8212;&#8212;&#8212;&#8212;&#8212;&#8211;<\/p>\n<p style=\"text-align: center;\"><span style=\"text-decoration: underline;\"><strong><span style=\"color: #800080; text-decoration: underline;\">II. Aromakongress der VAGA in Baden &#8211; Mai 2012<br \/>\nWiedersehen mit der lieben Belegschaft von feeling :-)!<br \/>\n<\/span><\/strong><\/span><span style=\"color: #000000;\"><strong>(v.l.: Julia M\u00e4hr, Barbara Artlieb, Stefan M\u00e4hr, Elmar M\u00e4hr)<\/strong><\/span><\/p>\n<p style=\"text-align: center;\"><a href=\"http:\/\/www.duft-gsp\u00fcr.at\/wsvk_wp\/wp-content\/uploads\/2012\/05\/DSCI0138a-verkleinerte-Version1.jpg\"><img loading=\"lazy\" class=\"aligncenter size-full wp-image-363\" title=\"DSCI0138a-verkleinerte Version\" src=\"http:\/\/www.duft-gsp\u00fcr.at\/wsvk_wp\/wp-content\/uploads\/2012\/05\/DSCI0138a-verkleinerte-Version1.jpg\" alt=\"\" width=\"967\" height=\"746\" srcset=\"http:\/\/www.duft-gsp\u00fcr.at\/wsvk_wp\/wp-content\/uploads\/2012\/05\/DSCI0138a-verkleinerte-Version1.jpg 967w, http:\/\/www.duft-gsp\u00fcr.at\/wsvk_wp\/wp-content\/uploads\/2012\/05\/DSCI0138a-verkleinerte-Version1-300x231.jpg 300w, http:\/\/www.duft-gsp\u00fcr.at\/wsvk_wp\/wp-content\/uploads\/2012\/05\/DSCI0138a-verkleinerte-Version1-388x300.jpg 388w\" sizes=\"(max-width: 967px) 100vw, 967px\" \/><\/a><\/p>\n<p style=\"text-align: center;\"><span style=\"text-decoration: underline;\"><strong><span style=\"color: #800080; text-decoration: underline;\">Kinder-Aroma-Workshop<\/span><\/strong><\/span><br \/>\nim Kindergarten meiner Tochter\u00a0zum\u00a0Jahresthema &#8222;Berufe&#8220;<\/p>\n<p><a href=\"http:\/\/www.duft-gsp\u00fcr.at\/wsvk_wp\/wp-content\/uploads\/2012\/05\/DSCN7100-verkleinerte-Version.jpg\"><img loading=\"lazy\" class=\"aligncenter size-full wp-image-352\" title=\"DSCN7100 - verkleinerte Version\" src=\"http:\/\/www.duft-gsp\u00fcr.at\/wsvk_wp\/wp-content\/uploads\/2012\/05\/DSCN7100-verkleinerte-Version.jpg\" alt=\"\" width=\"615\" height=\"461\" srcset=\"http:\/\/www.duft-gsp\u00fcr.at\/wsvk_wp\/wp-content\/uploads\/2012\/05\/DSCN7100-verkleinerte-Version.jpg 615w, http:\/\/www.duft-gsp\u00fcr.at\/wsvk_wp\/wp-content\/uploads\/2012\/05\/DSCN7100-verkleinerte-Version-300x224.jpg 300w, http:\/\/www.duft-gsp\u00fcr.at\/wsvk_wp\/wp-content\/uploads\/2012\/05\/DSCN7100-verkleinerte-Version-400x300.jpg 400w\" sizes=\"(max-width: 615px) 100vw, 615px\" \/><\/a><\/p>\n<p><a href=\"http:\/\/www.duft-gsp\u00fcr.at\/wsvk_wp\/wp-content\/uploads\/2012\/05\/DSCN7090-verkleinerte-Version1.jpg\"><img loading=\"lazy\" class=\"aligncenter size-full wp-image-357\" title=\"DSCN7090 - verkleinerte Version\" src=\"http:\/\/www.duft-gsp\u00fcr.at\/wsvk_wp\/wp-content\/uploads\/2012\/05\/DSCN7090-verkleinerte-Version1.jpg\" alt=\"\" width=\"615\" height=\"461\" srcset=\"http:\/\/www.duft-gsp\u00fcr.at\/wsvk_wp\/wp-content\/uploads\/2012\/05\/DSCN7090-verkleinerte-Version1.jpg 615w, http:\/\/www.duft-gsp\u00fcr.at\/wsvk_wp\/wp-content\/uploads\/2012\/05\/DSCN7090-verkleinerte-Version1-300x224.jpg 300w, http:\/\/www.duft-gsp\u00fcr.at\/wsvk_wp\/wp-content\/uploads\/2012\/05\/DSCN7090-verkleinerte-Version1-400x300.jpg 400w\" sizes=\"(max-width: 615px) 100vw, 615px\" \/><\/a><\/p>\n","protected":false},"excerpt":{"rendered":"<p>Kreative Duftwerkstatt Baumschule Dlapka &#8211; 3. &amp; 4. Mai 2014 &#8212;&#8212;&#8212;&#8212;&#8212;&#8212;&#8212;&#8212;&#8212;&#8212;&#8212;&#8212;&#8212;&#8212;&#8212;&#8212;&#8212;&#8212;&#8212;&#8212;&#8212;&#8212;&#8212;&#8212;&#8212;&#8212;&#8212;&#8212;&#8212;&#8212;&#8212;&#8212;&#8211; II. Aromakongress der VAGA in Baden &#8211; Mai 2012 Wiedersehen mit der lieben Belegschaft von feeling :-)! (v.l.: Julia M\u00e4hr, Barbara Artlieb, Stefan M\u00e4hr, Elmar M\u00e4hr) Kinder-Aroma-Workshop im Kindergarten &hellip; <a href=\"http:\/\/www.duft-gsp\u00fcr.at\/wsvk_wp\/?page_id=285\">Weiterlesen <span class=\"meta-nav\">&rarr;<\/span><\/a><\/p>\n","protected":false},"author":1,"featured_media":954,"parent":0,"menu_order":0,"comment_status":"open","ping_status":"open","template":"","meta":[],"_links":{"self":[{"href":"http:\/\/www.duft-gsp\u00fcr.at\/wsvk_wp\/index.php?rest_route=\/wp\/v2\/pages\/285"}],"collection":[{"href":"http:\/\/www.duft-gsp\u00fcr.at\/wsvk_wp\/index.php?rest_route=\/wp\/v2\/pages"}],"about":[{"href":"http:\/\/www.duft-gsp\u00fcr.at\/wsvk_wp\/index.php?rest_route=\/wp\/v2\/types\/page"}],"author":[{"embeddable":true,"href":"http:\/\/www.duft-gsp\u00fcr.at\/wsvk_wp\/index.php?rest_route=\/wp\/v2\/users\/1"}],"replies":[{"embeddable":true,"href":"http:\/\/www.duft-gsp\u00fcr.at\/wsvk_wp\/index.php?rest_route=%2Fwp%2Fv2%2Fcomments&post=285"}],"version-history":[{"count":16,"href":"http:\/\/www.duft-gsp\u00fcr.at\/wsvk_wp\/index.php?rest_route=\/wp\/v2\/pages\/285\/revisions"}],"predecessor-version":[{"id":1164,"href":"http:\/\/www.duft-gsp\u00fcr.at\/wsvk_wp\/index.php?rest_route=\/wp\/v2\/pages\/285\/revisions\/1164"}],"wp:featuredmedia":[{"embeddable":true,"href":"http:\/\/www.duft-gsp\u00fcr.at\/wsvk_wp\/index.php?rest_route=\/wp\/v2\/media\/954"}],"wp:attachment":[{"href":"http:\/\/www.duft-gsp\u00fcr.at\/wsvk_wp\/index.php?rest_route=%2Fwp%2Fv2%2Fmedia&parent=285"}],"curies":[{"name":"wp","href":"https:\/\/api.w.org\/{rel}","templated":true}]}}